{"id":2021,"date":"2024-09-25T12:29:44","date_gmt":"2024-09-25T17:29:44","guid":{"rendered":"https:\/\/visualrush.dev\/redspot\/productos\/imprimaciones-adherencia\/"},"modified":"2024-11-01T08:42:32","modified_gmt":"2024-11-01T13:42:32","slug":"imprimaciones-adherencia","status":"publish","type":"page","link":"https:\/\/www.redspot.com\/es\/productos\/imprimaciones-adherencia\/","title":{"rendered":"Imprimaciones\/Adherencia"},"content":{"rendered":"<div id='av-layout-grid-1'  class='av-layout-grid-container av-dm9bi-d189db3e130cc85358387e0dadf90ec0 entry-content-wrapper main_color av-flex-cells  avia-builder-el-0  el_before_av_section  avia-builder-el-first   container_wrap sidebar_right'  >\n\n<style type=\"text\/css\" data-created_by=\"avia_inline_auto\" id=\"style-css-av-lyq8udy0-3cdd764a43bea9ecc740cb38f39300d1\">\n.flex_cell.av-lyq8udy0-3cdd764a43bea9ecc740cb38f39300d1{\nvertical-align:middle;\nbackground:url(https:\/\/www.redspot.com\/wp-content\/uploads\/2024\/07\/primers-adhesion.jpg) 50% 50% no-repeat scroll ;\n}\n.responsive #top #wrap_all .flex_cell.av-lyq8udy0-3cdd764a43bea9ecc740cb38f39300d1{\npadding:200px 0 200px 0 !important;\n}\n\n@media only screen and (max-width: 479px){ \n.responsive #top #wrap_all .flex_cell.av-lyq8udy0-3cdd764a43bea9ecc740cb38f39300d1{\npadding:150px 0 150px 0 !important;\n}\n}\n<\/style>\n<div class='flex_cell av-lyq8udy0-3cdd764a43bea9ecc740cb38f39300d1 av-gridrow-cell av_one_third no_margin  avia-builder-el-1  el_before_av_cell_two_third  avia-builder-el-first  content-align-middle avia-full-stretch'  ><div class='flex_cell_inner'><\/div><\/div>\n<style type=\"text\/css\" data-created_by=\"avia_inline_auto\" id=\"style-css-av-8ckm6-4a831b535e08f780dd90bdc400cfc1cd\">\n.flex_cell.av-8ckm6-4a831b535e08f780dd90bdc400cfc1cd{\nvertical-align:middle;\n}\n.responsive #top #wrap_all .flex_cell.av-8ckm6-4a831b535e08f780dd90bdc400cfc1cd{\npadding:0 50px 0 50px !important;\n}\n<\/style>\n<div class='flex_cell av-8ckm6-4a831b535e08f780dd90bdc400cfc1cd av-gridrow-cell av_two_third no_margin  avia-builder-el-2  el_after_av_cell_one_third  avia-builder-el-last  content-align-middle'  ><div class='flex_cell_inner'><p>\n<style type=\"text\/css\" data-created_by=\"avia_inline_auto\" id=\"style-css-av-crdipi-552d6b8c062f19c59a915dd4cf3f5112\">\n#top .av-special-heading.av-crdipi-552d6b8c062f19c59a915dd4cf3f5112{\nmargin:50px 0 0 0;\npadding-bottom:10px;\nfont-size:40px;\n}\nbody .av-special-heading.av-crdipi-552d6b8c062f19c59a915dd4cf3f5112 .av-special-heading-tag .heading-char{\nfont-size:25px;\n}\n#top #wrap_all .av-special-heading.av-crdipi-552d6b8c062f19c59a915dd4cf3f5112 .av-special-heading-tag{\nfont-size:40px;\n}\n.av-special-heading.av-crdipi-552d6b8c062f19c59a915dd4cf3f5112 .av-subheading{\nfont-size:15px;\n}\n\n@media only screen and (min-width: 480px) and (max-width: 767px){ \n#top #wrap_all .av-special-heading.av-crdipi-552d6b8c062f19c59a915dd4cf3f5112 .av-special-heading-tag{\nfont-size:0.8em;\n}\n}\n\n@media only screen and (max-width: 479px){ \n#top #wrap_all .av-special-heading.av-crdipi-552d6b8c062f19c59a915dd4cf3f5112 .av-special-heading-tag{\nfont-size:0.8em;\n}\n}\n<\/style>\n<div  class='av-special-heading av-crdipi-552d6b8c062f19c59a915dd4cf3f5112 av-special-heading-h1 blockquote modern-quote modern-centered  avia-builder-el-3  el_before_av_hr  avia-builder-el-first  av-thin-font av-inherit-size'><h1 class='av-special-heading-tag '  itemprop=\"headline\"  >Red Spot <strong>Primarios &#8211; Promotores de adhesi\u00f3n<\/strong><\/h1><div class=\"special-heading-border\"><div class=\"special-heading-inner-border\"><\/div><\/div><\/div><br \/>\n\n<style type=\"text\/css\" data-created_by=\"avia_inline_auto\" id=\"style-css-av-cnj8ba-d318254eb9b1b84dfa6b32d5fde97732\">\n#top .hr.av-cnj8ba-d318254eb9b1b84dfa6b32d5fde97732{\nmargin-top:40px;\nmargin-bottom:40px;\n}\n.hr.av-cnj8ba-d318254eb9b1b84dfa6b32d5fde97732 .hr-inner{\nwidth:50px;\n}\n<\/style>\n<div  class='hr av-cnj8ba-d318254eb9b1b84dfa6b32d5fde97732 hr-custom  avia-builder-el-4  el_after_av_heading  el_before_av_one_full  hr-center hr-icon-no'><span class='hr-inner inner-border-av-border-fat'><span class=\"hr-inner-style\"><\/span><\/span><\/div><br \/>\n<div  class='flex_column av-b0gu5q-a4a2e28dfc0fa99d6cc5b2c463becfc0 av_one_full  avia-builder-el-5  el_after_av_hr  avia-builder-el-last  first flex_column_div  '     ><style type=\"text\/css\" data-created_by=\"avia_inline_auto\" id=\"style-css-av-av8fr2-a940f7f4c1567cc88add4701e6868473\">\n#top .av-special-heading.av-av8fr2-a940f7f4c1567cc88add4701e6868473{\npadding-bottom:10px;\n}\nbody .av-special-heading.av-av8fr2-a940f7f4c1567cc88add4701e6868473 .av-special-heading-tag .heading-char{\nfont-size:25px;\n}\n.av-special-heading.av-av8fr2-a940f7f4c1567cc88add4701e6868473 .av-subheading{\nfont-size:15px;\n}\n<\/style>\n<div  class='av-special-heading av-av8fr2-a940f7f4c1567cc88add4701e6868473 av-special-heading-h2 blockquote modern-quote modern-centered  avia-builder-el-6  avia-builder-el-no-sibling  av-thin-font'><h2 class='av-special-heading-tag '  itemprop=\"headline\"  >La misi\u00f3n de Red Spot es desarrollar productos qu\u00edmicos especializados que sean <strong>funcionales e inofensivos<\/strong> para el medio ambiente.<\/h2><div class=\"special-heading-border\"><div class=\"special-heading-inner-border\"><\/div><\/div><\/div><\/div><\/p>\n<\/div><\/div><\/div>\n<style type=\"text\/css\" data-created_by=\"avia_inline_auto\" id=\"style-css-av-bcvd06-80855f8d4badf8c0a1b15047c2e5130d\">\n.avia-section.av-bcvd06-80855f8d4badf8c0a1b15047c2e5130d .av-parallax .av-parallax-inner{\nbackground-repeat:no-repeat;\nbackground-image:url(https:\/\/www.redspot.com\/wp-content\/uploads\/2024\/07\/hex-bg-white.png);\nbackground-position:0% 0%;\nbackground-attachment:scroll;\n}\n.avia-section.av-bcvd06-80855f8d4badf8c0a1b15047c2e5130d .av-section-color-overlay{\nopacity:0.9;\n}\n<\/style>\n<div id='av_section_1'  class='avia-section av-bcvd06-80855f8d4badf8c0a1b15047c2e5130d main_color avia-section-large avia-no-border-styling  avia-builder-el-7  el_after_av_layout_row  el_before_av_custom_layout  av-parallax-section avia-bg-style-parallax av-section-color-overlay-active container_wrap sidebar_right'  data-section-bg-repeat='no-repeat'><div class='av-parallax' data-avia-parallax-ratio='0.3' ><div class='av-parallax-inner main_color avia-full-stretch'><\/div><\/div><div class=\"av-section-color-overlay-wrap\"><div class=\"av-section-color-overlay\"><\/div><div class='container av-section-cont-open' ><div class='template-page content  av-content-small alpha units'><div class='post-entry post-entry-type-page post-entry-2021'><div class='entry-content-wrapper clearfix'>\n\n<style type=\"text\/css\" data-created_by=\"avia_inline_auto\" id=\"style-css-av-2s6mtz-89ebbeeef626e52433b0ec2c8825cf67\">\n#top .hr.hr-invisible.av-2s6mtz-89ebbeeef626e52433b0ec2c8825cf67{\nheight:50px;\n}\n<\/style>\n<div  class='hr av-2s6mtz-89ebbeeef626e52433b0ec2c8825cf67 hr-invisible  avia-builder-el-8  el_before_av_two_third  avia-builder-el-first '><span class='hr-inner '><span class=\"hr-inner-style\"><\/span><\/span><\/div>\n<div  class='flex_column av-94vime-89c2face27e114dd5fd3637bf6533288 av_two_third  avia-builder-el-9  el_after_av_hr  el_before_av_one_third  first flex_column_div  '     ><section  class='av_textblock_section av-8zsnae-a16a4e99d9bd5fb9a1a54f7ea0633946 '   itemscope=\"itemscope\" itemtype=\"https:\/\/schema.org\/CreativeWork\" ><div class='avia_textblock'  itemprop=\"text\" ><h3>Imprimaciones que satisfacen sus necesidades<\/h3>\n<p>Red Spot fabrica una variedad de primarios para satisfacer las necesidades de los clientes. Los primarios usan la tecnolog\u00eda de tratamiento t\u00e9rmico y se utilizan tanto en aplicaciones automotrices como aplicaciones no automotrices. Red Spot tiene la capacidad de suministrar primarios en todo el mundo con el objetivo de cumplir con el aumento natural global de nuestros clientes, lo que nos da una capacidad competitiva en la mayor\u00eda de los mercados de primarios pl\u00e1sticos.<\/p>\n<p>Tenemos primarios para una variedad de sustratos que incluyen los siguientes:  <\/p>\n<ul>\n<li>Nylon<\/li>\n<li>Noryl GTX<\/li>\n<li>ABS (acrilonitrilo butadieno estireno)<\/li>\n<li>PC\/ABS<\/li>\n<li>PP<\/li>\n<li>TPO<\/li>\n<li>SMC<\/li>\n<li>RIM<\/li>\n<li>Metton<\/li>\n<\/ul>\n<\/div><\/section><\/div>\n<style type=\"text\/css\" data-created_by=\"avia_inline_auto\" id=\"style-css-av-a9hbq-9250fd16d5c15ddcac4903f2515e388c\">\n.flex_column.av-a9hbq-9250fd16d5c15ddcac4903f2515e388c{\npadding:20px 0 0 0;\nbackground-color:rgba(15,79,152,0.75);\n}\n<\/style>\n<div  class='flex_column av-a9hbq-9250fd16d5c15ddcac4903f2515e388c av_one_third  avia-builder-el-11  el_after_av_two_third  avia-builder-el-last  flex_column_div  '     ><style type=\"text\/css\" data-created_by=\"avia_inline_auto\" id=\"style-css-av-ly4k2cqm-57ba46d039dc620919d25717db6ed618\">\n#top .av_textblock_section.av-ly4k2cqm-57ba46d039dc620919d25717db6ed618 .avia_textblock{\ncolor:#ffffff;\n}\n<\/style>\n<section  id=\"textpadding\"  class='av_textblock_section av-ly4k2cqm-57ba46d039dc620919d25717db6ed618 '   itemscope=\"itemscope\" itemtype=\"https:\/\/schema.org\/CreativeWork\" ><div class='avia_textblock av_inherit_color'  itemprop=\"text\" ><blockquote>\n<p>Para obtener m\u00e1s informaci\u00f3n sobre un producto en particular, comun\u00edquese con nosotros directamente.<\/p>\n<\/blockquote>\n<\/div><\/section><br \/>\n\n<style type=\"text\/css\" data-created_by=\"avia_inline_auto\" id=\"style-css-av-af8vy-7de458ecd3f6fa0740c307085dd3b6d9\">\n#top .hr.hr-invisible.av-af8vy-7de458ecd3f6fa0740c307085dd3b6d9{\nheight:10px;\n}\n<\/style>\n<div  class='hr av-af8vy-7de458ecd3f6fa0740c307085dd3b6d9 hr-invisible  avia-builder-el-13  el_after_av_textblock  avia-builder-el-last '><span class='hr-inner '><span class=\"hr-inner-style\"><\/span><\/span><\/div><\/p><\/div>\n<\/p>\n[av_section min_height='' min_height_pc='25' min_height_px='500px' shadow='no-border-styling' bottom_border='no-border-styling' bottom_border_diagonal_color='#333333' bottom_border_diagonal_direction='' bottom_border_style='' padding='large' custom_margin='0px' custom_margin_sync='true' av-desktop-custom_margin='' av-desktop-custom_margin_sync='true' av-medium-custom_margin='' av-medium-custom_margin_sync='true' av-small-custom_margin='' av-small-custom_margin_sync='true' av-mini-custom_margin='' av-mini-custom_margin_sync='true' svg_div_top='' svg_div_top_color='#333333' svg_div_top_width='100' svg_div_top_height='50' svg_div_top_max_height='none' svg_div_top_opacity='' svg_div_bottom='' svg_div_bottom_color='#333333' svg_div_bottom_width='100' svg_div_bottom_height='50' svg_div_bottom_max_height='none' svg_div_bottom_opacity='' fold_type='' fold_height='' fold_more='Read more' fold_less='Read less' fold_text_style='' fold_btn_align='' color='alternate_color' background='bg_color' custom_bg='' background_gradient_direction='vertical' background_gradient_color1='#000000' background_gradient_color2='#ffffff' background_gradient_color3='' src='http:\/\/www.redspot.com\/wp-content\/uploads\/2024\/07\/cta-bg.jpg' attachment='637' attachment_size='full' src_dynamic='' attach='parallax' position='bottom right' repeat='stretch' video='' video_ratio='16:9' overlay_enable='aviaTBoverlay_enable' overlay_opacity='0.5' overlay_color='#ffffff' overlay_pattern='' overlay_custom_pattern='' custom_arrow_bg='' fold_overlay_color='' fold_text_color='' fold_btn_color='theme-color' fold_btn_bg_color='' fold_btn_font_color='' size-btn-text='' av-desktop-font-size-btn-text='' av-medium-font-size-btn-text='' av-small-font-size-btn-text='' av-mini-font-size-btn-text='' fold_timer='' z_index_fold='' css_position_z_index='' av-desktop-css_position_z_index='' av-medium-css_position_z_index='' av-small-css_position_z_index='' av-mini-css_position_z_index='' id='' custom_class='' template_class='' aria_label='' av_element_hidden_in_editor='0' av_uid='av-ly3ii5sn' sc_version='1.0']\n[av_two_third first av_uid='av-dj8lx']\n\n[av_heading heading='<strong>\u00bfListo para asociarse con Red Spot en su pr\u00f3ximo proyecto?<\/strong><br>P\u00f3ngase en contacto con nosotros hoy mismo.' tag='h2' style='blockquote modern-quote' subheading_active='' show_icon='' icon='ue800' font='entypo-fontello' size='40' av-desktop-font-size-title='' av-medium-font-size-title='' av-small-font-size-title='' av-mini-font-size-title='' subheading_size='15' av-desktop-font-size='' av-medium-font-size='' av-small-font-size='' av-mini-font-size='' icon_size='' av-desktop-font-size-1='' av-medium-font-size-1='' av-small-font-size-1='' av-mini-font-size-1='' color='custom-color-heading' custom_font='#232323' subheading_color='' seperator_color='' icon_color='' margin='' margin_sync='true' av-desktop-margin='' av-desktop-margin_sync='true' av-medium-margin='' av-medium-margin_sync='true' av-small-margin='' av-small-margin_sync='true' av-mini-margin='' av-mini-margin_sync='true' headline_padding='' headline_padding_sync='true' av-desktop-headline_padding='' av-desktop-headline_padding_sync='true' av-medium-headline_padding='' av-medium-headline_padding_sync='true' av-small-headline_padding='' av-small-headline_padding_sync='true' av-mini-headline_padding='' av-mini-headline_padding_sync='true' padding='10' av-desktop-padding='' av-medium-padding='' av-small-padding='' av-mini-padding='' icon_padding='10' av-desktop-icon_padding='' av-medium-icon_padding='' av-small-icon_padding='' av-mini-icon_padding='' link='' link_target='' title_attr='' id='' custom_class='' template_class='' av_uid='av-ly3ijpku' sc_version='1.0' admin_preview_bg=''][\/av_heading]\n\n[\/av_two_third][av_one_third av_uid='av-8e165']\n\n[av_button label='COMENZAR' icon_select='no' icon='ue800' font='entypo-fontello' button_type='' link='manually,http:\/\/www.redspot.com\/es\/contactenos\/' link_target='' download_file='https:\/\/' attachment='' attachment_size='' downloaded_file_name='' size='x-large' position='left' label_display='' title_attr='' size-text='24' av-desktop-font-size-text='' av-medium-font-size-text='' av-small-font-size-text='' av-mini-font-size-text='' margin='' margin_sync='true' padding='' padding_sync='true' av-desktop-margin='' av-desktop-margin_sync='true' av-desktop-padding='' av-desktop-padding_sync='true' av-medium-margin='' av-medium-margin_sync='true' av-medium-padding='' av-medium-padding_sync='true' av-small-margin='' av-small-margin_sync='true' av-small-padding='' av-small-padding_sync='true' av-mini-margin='' av-mini-margin_sync='true' av-mini-padding='' av-mini-padding_sync='true' color_options='' color='theme-color' custom_bg='#444444' custom_font='#ffffff' btn_color_bg='theme-color' btn_custom_grad_direction='vertical' btn_custom_grad_1='#000000' btn_custom_grad_2='#ffffff' btn_custom_grad_3='' btn_custom_grad_opacity='0.7' btn_custom_bg='#444444' btn_color_bg_hover='theme-color-highlight' btn_custom_bg_hover='#444444' btn_color_font='theme-color' btn_custom_font='#ffffff' btn_color_font_hover='white' btn_custom_font_hover='#ffffff' border='' border_width='' border_width_sync='true' border_color='' border_radius='' border_radius_sync='true' box_shadow='' box_shadow_style='0px,0px,0px,0px' box_shadow_color='' animation='' animation_duration='' animation_custom_bg_color='' animation_z_index_curtain='100' hover_opacity='' sonar_effect_effect='' sonar_effect_color='' sonar_effect_duration='1' sonar_effect_scale='' sonar_effect_opac='0.5' css_position='' css_position_location=',,,' css_position_z_index='' av-desktop-css_position='' av-desktop-css_position_location=',,,' av-desktop-css_position_z_index='' av-medium-css_position='' av-medium-css_position_location=',,,' av-medium-css_position_z_index='' av-small-css_position='' av-small-css_position_location=',,,' av-small-css_position_z_index='' av-mini-css_position='' av-mini-css_position_location=',,,' av-mini-css_position_z_index='' id='' custom_class='' template_class='' av_uid='av-ly3ikmjq' sc_version='1.0' admin_preview_bg='']\n\n[\/av_one_third]\n[\/av_section]\n\n\n","protected":false},"excerpt":{"rendered":"","protected":false},"author":2,"featured_media":1716,"parent":1932,"menu_order":105,"comment_status":"closed","ping_status":"closed","template":"","meta":{"_exactmetrics_skip_tracking":false,"_exactmetrics_sitenote_active":false,"_exactmetrics_sitenote_note":"","_exactmetrics_sitenote_category":0,"footnotes":""},"class_list":["post-2021","page","type-page","status-publish","has-post-thumbnail","hentry"],"yoast_head":"<!-- This site is optimized with the Yoast SEO plugin v27.4 - https:\/\/yoast.com\/product\/yoast-seo-wordpress\/ -->\n<title>Imprimaciones\/Adherencia &#8226; RED SPOT<\/title>\n<meta name=\"description\" content=\"Red Spot is dedicated to developing plastic coatings that are among the most modern and technologically advanced in the world.\" \/>\n<meta name=\"robots\" content=\"index, follow, max-snippet:-1, max-image-preview:large, max-video-preview:-1\" \/>\n<link rel=\"canonical\" href=\"https:\/\/www.redspot.com\/es\/productos\/imprimaciones-adherencia\/\" \/>\n<meta property=\"og:locale\" content=\"es_ES\" \/>\n<meta property=\"og:type\" content=\"article\" \/>\n<meta property=\"og:title\" content=\"Imprimaciones\/Adherencia &#8226; RED SPOT\" \/>\n<meta property=\"og:description\" content=\"Red Spot is dedicated to developing plastic coatings that are among the most modern and technologically advanced in the world.\" \/>\n<meta property=\"og:url\" content=\"https:\/\/www.redspot.com\/es\/productos\/imprimaciones-adherencia\/\" \/>\n<meta property=\"og:site_name\" content=\"RED SPOT\" \/>\n<meta property=\"article:modified_time\" content=\"2024-11-01T13:42:32+00:00\" \/>\n<meta property=\"og:image\" content=\"https:\/\/www.redspot.com\/wp-content\/uploads\/2024\/07\/primers-adhesion.jpg\" \/>\n\t<meta property=\"og:image:width\" content=\"800\" \/>\n\t<meta property=\"og:image:height\" content=\"533\" \/>\n\t<meta property=\"og:image:type\" content=\"image\/jpeg\" \/>\n<meta name=\"twitter:card\" content=\"summary_large_image\" \/>\n<meta name=\"twitter:label1\" content=\"Tiempo de lectura\" \/>\n\t<meta name=\"twitter:data1\" content=\"11 minutos\" \/>\n<script type=\"application\/ld+json\" class=\"yoast-schema-graph\">{\"@context\":\"https:\\\/\\\/schema.org\",\"@graph\":[{\"@type\":\"WebPage\",\"@id\":\"https:\\\/\\\/www.redspot.com\\\/es\\\/productos\\\/imprimaciones-adherencia\\\/\",\"url\":\"https:\\\/\\\/www.redspot.com\\\/es\\\/productos\\\/imprimaciones-adherencia\\\/\",\"name\":\"Imprimaciones\\\/Adherencia &#8226; RED SPOT\",\"isPartOf\":{\"@id\":\"https:\\\/\\\/www.redspot.com\\\/es\\\/#website\"},\"primaryImageOfPage\":{\"@id\":\"https:\\\/\\\/www.redspot.com\\\/es\\\/productos\\\/imprimaciones-adherencia\\\/#primaryimage\"},\"image\":{\"@id\":\"https:\\\/\\\/www.redspot.com\\\/es\\\/productos\\\/imprimaciones-adherencia\\\/#primaryimage\"},\"thumbnailUrl\":\"https:\\\/\\\/www.redspot.com\\\/wp-content\\\/uploads\\\/2024\\\/07\\\/primers-adhesion.jpg\",\"datePublished\":\"2024-09-25T17:29:44+00:00\",\"dateModified\":\"2024-11-01T13:42:32+00:00\",\"description\":\"Red Spot is dedicated to developing plastic coatings that are among the most modern and technologically advanced in the world.\",\"breadcrumb\":{\"@id\":\"https:\\\/\\\/www.redspot.com\\\/es\\\/productos\\\/imprimaciones-adherencia\\\/#breadcrumb\"},\"inLanguage\":\"es\",\"potentialAction\":[{\"@type\":\"ReadAction\",\"target\":[\"https:\\\/\\\/www.redspot.com\\\/es\\\/productos\\\/imprimaciones-adherencia\\\/\"]}]},{\"@type\":\"ImageObject\",\"inLanguage\":\"es\",\"@id\":\"https:\\\/\\\/www.redspot.com\\\/es\\\/productos\\\/imprimaciones-adherencia\\\/#primaryimage\",\"url\":\"https:\\\/\\\/www.redspot.com\\\/wp-content\\\/uploads\\\/2024\\\/07\\\/primers-adhesion.jpg\",\"contentUrl\":\"https:\\\/\\\/www.redspot.com\\\/wp-content\\\/uploads\\\/2024\\\/07\\\/primers-adhesion.jpg\",\"width\":800,\"height\":533},{\"@type\":\"BreadcrumbList\",\"@id\":\"https:\\\/\\\/www.redspot.com\\\/es\\\/productos\\\/imprimaciones-adherencia\\\/#breadcrumb\",\"itemListElement\":[{\"@type\":\"ListItem\",\"position\":1,\"name\":\"Home\",\"item\":\"https:\\\/\\\/www.redspot.com\\\/es\\\/\"},{\"@type\":\"ListItem\",\"position\":2,\"name\":\"Productos\",\"item\":\"https:\\\/\\\/www.redspot.com\\\/es\\\/productos\\\/\"},{\"@type\":\"ListItem\",\"position\":3,\"name\":\"Imprimaciones\\\/Adherencia\"}]},{\"@type\":\"WebSite\",\"@id\":\"https:\\\/\\\/www.redspot.com\\\/es\\\/#website\",\"url\":\"https:\\\/\\\/www.redspot.com\\\/es\\\/\",\"name\":\"RED SPOT\",\"description\":\"Red Spot Paint &amp; Varnish Company, Inc\",\"publisher\":{\"@id\":\"https:\\\/\\\/www.redspot.com\\\/es\\\/#organization\"},\"potentialAction\":[{\"@type\":\"SearchAction\",\"target\":{\"@type\":\"EntryPoint\",\"urlTemplate\":\"https:\\\/\\\/www.redspot.com\\\/es\\\/?s={search_term_string}\"},\"query-input\":{\"@type\":\"PropertyValueSpecification\",\"valueRequired\":true,\"valueName\":\"search_term_string\"}}],\"inLanguage\":\"es\"},{\"@type\":\"Organization\",\"@id\":\"https:\\\/\\\/www.redspot.com\\\/es\\\/#organization\",\"name\":\"RED SPOT\",\"url\":\"https:\\\/\\\/www.redspot.com\\\/es\\\/\",\"logo\":{\"@type\":\"ImageObject\",\"inLanguage\":\"es\",\"@id\":\"https:\\\/\\\/www.redspot.com\\\/es\\\/#\\\/schema\\\/logo\\\/image\\\/\",\"url\":\"https:\\\/\\\/www.redspot.com\\\/wp-content\\\/uploads\\\/2024\\\/06\\\/redspot-logo.png\",\"contentUrl\":\"https:\\\/\\\/www.redspot.com\\\/wp-content\\\/uploads\\\/2024\\\/06\\\/redspot-logo.png\",\"width\":1000,\"height\":270,\"caption\":\"RED SPOT\"},\"image\":{\"@id\":\"https:\\\/\\\/www.redspot.com\\\/es\\\/#\\\/schema\\\/logo\\\/image\\\/\"}}]}<\/script>\n<!-- \/ Yoast SEO plugin. -->","yoast_head_json":{"title":"Imprimaciones\/Adherencia &#8226; RED SPOT","description":"Red Spot is dedicated to developing plastic coatings that are among the most modern and technologically advanced in the world.","robots":{"index":"index","follow":"follow","max-snippet":"max-snippet:-1","max-image-preview":"max-image-preview:large","max-video-preview":"max-video-preview:-1"},"canonical":"https:\/\/www.redspot.com\/es\/productos\/imprimaciones-adherencia\/","og_locale":"es_ES","og_type":"article","og_title":"Imprimaciones\/Adherencia &#8226; RED SPOT","og_description":"Red Spot is dedicated to developing plastic coatings that are among the most modern and technologically advanced in the world.","og_url":"https:\/\/www.redspot.com\/es\/productos\/imprimaciones-adherencia\/","og_site_name":"RED SPOT","article_modified_time":"2024-11-01T13:42:32+00:00","og_image":[{"width":800,"height":533,"url":"https:\/\/www.redspot.com\/wp-content\/uploads\/2024\/07\/primers-adhesion.jpg","type":"image\/jpeg"}],"twitter_card":"summary_large_image","twitter_misc":{"Tiempo de lectura":"11 minutos"},"schema":{"@context":"https:\/\/schema.org","@graph":[{"@type":"WebPage","@id":"https:\/\/www.redspot.com\/es\/productos\/imprimaciones-adherencia\/","url":"https:\/\/www.redspot.com\/es\/productos\/imprimaciones-adherencia\/","name":"Imprimaciones\/Adherencia &#8226; RED SPOT","isPartOf":{"@id":"https:\/\/www.redspot.com\/es\/#website"},"primaryImageOfPage":{"@id":"https:\/\/www.redspot.com\/es\/productos\/imprimaciones-adherencia\/#primaryimage"},"image":{"@id":"https:\/\/www.redspot.com\/es\/productos\/imprimaciones-adherencia\/#primaryimage"},"thumbnailUrl":"https:\/\/www.redspot.com\/wp-content\/uploads\/2024\/07\/primers-adhesion.jpg","datePublished":"2024-09-25T17:29:44+00:00","dateModified":"2024-11-01T13:42:32+00:00","description":"Red Spot is dedicated to developing plastic coatings that are among the most modern and technologically advanced in the world.","breadcrumb":{"@id":"https:\/\/www.redspot.com\/es\/productos\/imprimaciones-adherencia\/#breadcrumb"},"inLanguage":"es","potentialAction":[{"@type":"ReadAction","target":["https:\/\/www.redspot.com\/es\/productos\/imprimaciones-adherencia\/"]}]},{"@type":"ImageObject","inLanguage":"es","@id":"https:\/\/www.redspot.com\/es\/productos\/imprimaciones-adherencia\/#primaryimage","url":"https:\/\/www.redspot.com\/wp-content\/uploads\/2024\/07\/primers-adhesion.jpg","contentUrl":"https:\/\/www.redspot.com\/wp-content\/uploads\/2024\/07\/primers-adhesion.jpg","width":800,"height":533},{"@type":"BreadcrumbList","@id":"https:\/\/www.redspot.com\/es\/productos\/imprimaciones-adherencia\/#breadcrumb","itemListElement":[{"@type":"ListItem","position":1,"name":"Home","item":"https:\/\/www.redspot.com\/es\/"},{"@type":"ListItem","position":2,"name":"Productos","item":"https:\/\/www.redspot.com\/es\/productos\/"},{"@type":"ListItem","position":3,"name":"Imprimaciones\/Adherencia"}]},{"@type":"WebSite","@id":"https:\/\/www.redspot.com\/es\/#website","url":"https:\/\/www.redspot.com\/es\/","name":"RED SPOT","description":"Red Spot Paint &amp; Varnish Company, Inc","publisher":{"@id":"https:\/\/www.redspot.com\/es\/#organization"},"potentialAction":[{"@type":"SearchAction","target":{"@type":"EntryPoint","urlTemplate":"https:\/\/www.redspot.com\/es\/?s={search_term_string}"},"query-input":{"@type":"PropertyValueSpecification","valueRequired":true,"valueName":"search_term_string"}}],"inLanguage":"es"},{"@type":"Organization","@id":"https:\/\/www.redspot.com\/es\/#organization","name":"RED SPOT","url":"https:\/\/www.redspot.com\/es\/","logo":{"@type":"ImageObject","inLanguage":"es","@id":"https:\/\/www.redspot.com\/es\/#\/schema\/logo\/image\/","url":"https:\/\/www.redspot.com\/wp-content\/uploads\/2024\/06\/redspot-logo.png","contentUrl":"https:\/\/www.redspot.com\/wp-content\/uploads\/2024\/06\/redspot-logo.png","width":1000,"height":270,"caption":"RED SPOT"},"image":{"@id":"https:\/\/www.redspot.com\/es\/#\/schema\/logo\/image\/"}}]}},"_links":{"self":[{"href":"https:\/\/www.redspot.com\/es\/wp-json\/wp\/v2\/pages\/2021","targetHints":{"allow":["GET"]}}],"collection":[{"href":"https:\/\/www.redspot.com\/es\/wp-json\/wp\/v2\/pages"}],"about":[{"href":"https:\/\/www.redspot.com\/es\/wp-json\/wp\/v2\/types\/page"}],"author":[{"embeddable":true,"href":"https:\/\/www.redspot.com\/es\/wp-json\/wp\/v2\/users\/2"}],"replies":[{"embeddable":true,"href":"https:\/\/www.redspot.com\/es\/wp-json\/wp\/v2\/comments?post=2021"}],"version-history":[{"count":2,"href":"https:\/\/www.redspot.com\/es\/wp-json\/wp\/v2\/pages\/2021\/revisions"}],"predecessor-version":[{"id":2023,"href":"https:\/\/www.redspot.com\/es\/wp-json\/wp\/v2\/pages\/2021\/revisions\/2023"}],"up":[{"embeddable":true,"href":"https:\/\/www.redspot.com\/es\/wp-json\/wp\/v2\/pages\/1932"}],"wp:featuredmedia":[{"embeddable":true,"href":"https:\/\/www.redspot.com\/es\/wp-json\/wp\/v2\/media\/1716"}],"wp:attachment":[{"href":"https:\/\/www.redspot.com\/es\/wp-json\/wp\/v2\/media?parent=2021"}],"curies":[{"name":"wp","href":"https:\/\/api.w.org\/{rel}","templated":true}]}}